{"id":147,"date":"2019-11-19T14:20:50","date_gmt":"2019-11-19T17:20:50","guid":{"rendered":"https:\/\/migeriatrico.com\/?page_id=147"},"modified":"2019-12-02T11:59:44","modified_gmt":"2019-12-02T14:59:44","slug":"quienes-somos","status":"publish","type":"page","link":"https:\/\/migeriatrico.com\/?page_id=147","title":{"rendered":"Quienes Somos"},"content":{"rendered":"<div class=\"wpb-content-wrapper\">[vc_section][vc_row fullwidth=\u00bbtrue\u00bb equal_columns=\u00bbtrue\u00bb][vc_column width=\u00bb1\/2&#8243; css=\u00bb.vc_custom_1574184471362{background-image: url(https:\/\/migeriatrico.com\/wp-content\/uploads\/2019\/10\/geriatricos-6.jpg?id=19) !important;background-position: center !important;background-repeat: no-repeat !important;background-size: cover !important;}\u00bb][mk_padding_divider size=\u00bb100&#8243;][\/vc_column][vc_column width=\u00bb1\/2&#8243;][mk_padding_divider][vc_column_text css=\u00bb.vc_custom_1574184433692{margin-bottom: 0px !important;}\u00bb]\n<h1 style=\"text-align: center;\">Quienes Somos<\/h1>\n[\/vc_column_text][mk_padding_divider size=\u00bb20&#8243;][vc_row_inner][vc_column_inner width=\u00bb1\/12&#8243;][\/vc_column_inner][vc_column_inner width=\u00bb5\/6&#8243;][vc_column_text el_class=\u00bbfont15&#8243; css=\u00bb.vc_custom_1575298627711{margin-bottom: 0px !important;}\u00bb]Somos una empresa que surge con la visi\u00f3n de colaborar en el desarrollo y las mejoras permanentes del sector Geri\u00e1trico. La delicadeza y particularidad de esta actividad requiere estar a la vanguardia no solo en cuanto a instalaciones, sino tambi\u00e9n con sus servicios.<\/p>\n<p>Creemos que la era digital viene a acortar distancias y pretendemos que encuentres el lugar m\u00e1s adecuado, acorde a tus necesidades y posibilidades. Con migeriatrico.com vas a poder visualizar establecimientos y servicios que probablemente de otro modo no encuentres.<\/p>\n<p>Para los Geri\u00e1tricos, llegar a su segmento objetivo a trav\u00e9s de los medios digitales es indispensable en la actualidad, para estar siempre bien posicionados, accesibles a todo el p\u00fablico y as\u00ed, promoviendo constantemente sus instalaciones y servicios y destacando sus diferenciales y valor agregado.<\/p>\n<p>Nuestra misi\u00f3n es que cada establecimiento llegue con mayor precisi\u00f3n y velocidad a un p\u00fablico que en general tiene cierta urgencia al momento de tomar una decisi\u00f3n de iniciar esta b\u00fasqueda, la cual ser\u00e1 altamente precisa utilizando nuestra variedad de filtros, fotograf\u00edas y videos.<\/p>\n<p>Actualmente las dificultades al momento de iniciar esta b\u00fasqueda son variadas, pero creemos que la principal es la desorganizaci\u00f3n general y la falta de un punto de encuentro efectivo entre la oferta y la demanda. El objetivo es lograr esa convergencia y un posicionamiento constante por medio de nuestras campa\u00f1as de marketing y publicidad.<\/p>\n<p>Tenemos la visi\u00f3n de que el sector va a seguir creciendo y cambiando, entonces nos propusimos colaborar en el impulso de una sana competencia que proponga a los establecimientos mejorar d\u00eda a d\u00eda el nivel de sus prestaciones y servicios.<\/p>\n<p>En resumen, tenemos la absoluta convicci\u00f3n de ayudar con esa mejora en la oferta y los servicios del sector y a su vez, brindar nuestro m\u00e1ximo esfuerzo por ellos, nuestros padres y abuelos.[\/vc_column_text][\/vc_column_inner][vc_column_inner width=\u00bb1\/12&#8243;][\/vc_column_inner][\/vc_row_inner][mk_padding_divider][\/vc_column][\/vc_row][\/vc_section]\n<\/div>","protected":false},"excerpt":{"rendered":"<p>[vc_section][vc_row fullwidth=\u00bbtrue\u00bb equal_columns=\u00bbtrue\u00bb][vc_column width=\u00bb1\/2&#8243; css=\u00bb.vc_custom_1574184471362{background-image: url(https:\/\/migeriatrico.com\/wp-content\/uploads\/2019\/10\/geriatricos-6.jpg?id=19) !important;background-position: center !important;background-repeat: no-repeat !important;background-size: cover !important;}\u00bb][mk_padding_divider size=\u00bb100&#8243;][\/vc_column][vc_column width=\u00bb1\/2&#8243;][mk_padding_divider][vc_column_text css=\u00bb.vc_custom_1574184433692{margin-bottom: 0px !important;}\u00bb] Quienes Somos [\/vc_column_text][mk_padding_divider size=\u00bb20&#8243;][vc_row_inner][vc_column_inner width=\u00bb1\/12&#8243;][\/vc_column_inner][vc_column_inner width=\u00bb5\/6&#8243;][vc_column_text el_class=\u00bbfont15&#8243; css=\u00bb.vc_custom_1575298627711{margin-bottom: 0px !important;}\u00bb]Somos una empresa que surge con la visi\u00f3n de colaborar en el desarrollo y las mejoras permanentes del sector Geri\u00e1trico. La delicadeza y particularidad de esta actividad requiere [&hellip;]<\/p>\n","protected":false},"author":1,"featured_media":0,"parent":0,"menu_order":0,"comment_status":"closed","ping_status":"closed","template":"","meta":{"footnotes":""},"class_list":["post-147","page","type-page","status-publish","hentry"],"_links":{"self":[{"href":"https:\/\/migeriatrico.com\/index.php?rest_route=\/wp\/v2\/pages\/147","targetHints":{"allow":["GET"]}}],"collection":[{"href":"https:\/\/migeriatrico.com\/index.php?rest_route=\/wp\/v2\/pages"}],"about":[{"href":"https:\/\/migeriatrico.com\/index.php?rest_route=\/wp\/v2\/types\/page"}],"author":[{"embeddable":true,"href":"https:\/\/migeriatrico.com\/index.php?rest_route=\/wp\/v2\/users\/1"}],"replies":[{"embeddable":true,"href":"https:\/\/migeriatrico.com\/index.php?rest_route=%2Fwp%2Fv2%2Fcomments&post=147"}],"version-history":[{"count":4,"href":"https:\/\/migeriatrico.com\/index.php?rest_route=\/wp\/v2\/pages\/147\/revisions"}],"predecessor-version":[{"id":149,"href":"https:\/\/migeriatrico.com\/index.php?rest_route=\/wp\/v2\/pages\/147\/revisions\/149"}],"wp:attachment":[{"href":"https:\/\/migeriatrico.com\/index.php?rest_route=%2Fwp%2Fv2%2Fmedia&parent=147"}],"curies":[{"name":"wp","href":"https:\/\/api.w.org\/{rel}","templated":true}]}}