{"id":154,"date":"2019-11-19T14:50:34","date_gmt":"2019-11-19T17:50:34","guid":{"rendered":"https:\/\/migeriatrico.com\/?page_id=154"},"modified":"2019-12-02T12:03:27","modified_gmt":"2019-12-02T15:03:27","slug":"terminos-y-condiciones","status":"publish","type":"page","link":"https:\/\/migeriatrico.com\/?page_id=154","title":{"rendered":"T\u00e9rminos y Condiciones"},"content":{"rendered":"<div class=\"wpb-content-wrapper\">[vc_section][vc_row][vc_column][mk_padding_divider][vc_column_text css=\u00bb.vc_custom_1575299005518{margin-bottom: 0px !important;}\u00bb]\n<h1 style=\"text-align: center;\">T\u00c9RMINOS Y CONDICIONES DE USO DE MIGERIATRICO.COM<\/h1>\n[\/vc_column_text][mk_padding_divider size=\u00bb20&#8243;][vc_column_text css=\u00bb.vc_custom_1575298951709{margin-bottom: 0px !important;}\u00bb]\n<p style=\"text-align: justify;\">Los presentes T\u00e9rminos y Condiciones de Uso (\u00ab<strong>T\u00e9rm<\/strong><strong>inos<\/strong>\u00ab) constituyen un contrato legalmente vinculante (\u00ab<strong>Contrato<\/strong>\u00ab) entre usted (\u201c<strong>Usuario<\/strong>\u201d) e INMOTECH SAS (\u201c<strong>Inmotech<\/strong>\u201d) que rige su acceso y utilizaci\u00f3n de la plataforma MIGERI\u00c1TRICO.COM, as\u00ed como de cualquier otro sitio web a trav\u00e9s del cual Inmotech ponga a disposici\u00f3n su servicio de anuncios de establecimientos geri\u00e1tricos privados (denominados, conjuntamente, el \u00ab<strong>Sitio Web<\/strong>\u00ab), nuestras aplicaciones para celular, tableta y dem\u00e1s dispositivos inteligentes, as\u00ed como interfaces de programa de aplicaciones (denominadas, conjuntamente, la \u00ab<strong>Aplicaci\u00f3n<\/strong>\u00ab). En adelante, el Sitio Web, la Aplicaci\u00f3n y los Servicios de MIGERI\u00c1TRICO.COM se denominaran, conjuntamente, la \u201c<strong>Plataforma<\/strong>\u201d.<\/p>\n<p style=\"text-align: justify;\">Deben leerse cuidadosamente estos T\u00e9rminos y condiciones antes de utilizar la Plataforma. Si viola cualquiera de estos T\u00e9rminos y Condiciones (incluida la Pol\u00edtica de privacidad), Inmotech puede cancelar su membres\u00eda, eliminar su perfil y cualquier contenido o informaci\u00f3n que haya publicado en la Plataforma y\/o\u00a0 prohibir utilizar o acceder a la Plataforma, en cualquier momento, a su entera discreci\u00f3n, con o sin previo aviso.<\/p>\n<p style=\"text-align: justify;\">Aceptando los presentes T\u00e9rminos y Condiciones el Usuario acepta de forma plena, incondicional e irrevocable, el r\u00e9gimen de utilizaci\u00f3n de la plataforma, incluidas: las tarifas aplicadas por Inmotech, el r\u00e9gimen de responsabilidad y cualquier otra obligaci\u00f3n que pueda contraerse mediante el uso de la Plataforma y su participaci\u00f3n en la misma como Usuario. Mediante la aceptaci\u00f3n de los presentes T\u00e9rminos y Condiciones, el Usuario reconoce que ha le\u00eddo, entiende, acepta y est\u00e1 de acuerdo plenamente y sin reservas con los t\u00e9rminos y condiciones que siguen a continuaci\u00f3n y que se encuentran vigentes al momento de acceso. Inmotech se encuentra facultado a revisar estas Condiciones en cualquier momento, actualizando esta p\u00e1gina, cuyas modificaciones ser\u00e1n notificadas al Usuario a la casilla de correo electr\u00f3nico provista al momento de la registraci\u00f3n.<\/p>\n<p style=\"text-align: justify;\"><strong><u>Definiciones.<\/u><\/strong><\/p>\n<p style=\"text-align: justify;\">Usuario Prestador: Queda definido como toda aquella persona humana o jur\u00eddica que, por cuenta propia, de terceros o asociada a terceros haga de su profesi\u00f3n habitual la explotaci\u00f3n de establecimientos geri\u00e1tricos privados, en los t\u00e9rminos de la Ley 7872 y sus reglamentaciones. A todo evento, el Usuario Prestador, ser\u00e1 considerado el \u00fanico \u201cProveedor\u201d en los t\u00e9rminos y condiciones de la ley 24.240 y sus modificatorias.<\/p>\n<p style=\"text-align: justify;\">Establecimiento Geri\u00e1trico Privado: Toda instituci\u00f3n asistencial, no estatal, destinada a acciones de fomento, protecci\u00f3n, recuperaci\u00f3n y rehabilitaci\u00f3n de la salud bio-psico-social de ancianos, para el cuidado, alojamiento y recreaci\u00f3n de los mismos, y a cualquier otra prestaci\u00f3n de servicios asistenciales que contribuyan a mejorar la calidad de vida de la poblaci\u00f3n de la tercera edad. (Definici\u00f3n establecida en la Ley Provincial 7872)<\/p>\n<p style=\"text-align: justify;\"><strong><u>Acceso. Requisitos. Usuarios. Identidad.<\/u><\/strong><\/p>\n<p style=\"text-align: justify;\">Para acceder y utilizar la Plataforma de MIGERI\u00c1TRICO.COM debes tener al menos 18 a\u00f1os de edad o ser una empresa, organizaci\u00f3n u otra entidad legalmente organizada y vigente que cumpla con las leyes Argentinas para poder suscribir contratos.<\/p>\n<p style=\"text-align: justify;\">El Usuario se compromete a utilizar la Plataforma y los Servicios en un todo de acuerdo con las condiciones establecidas en el presente, la legislaci\u00f3n aplicable, la buena fe y el orden p\u00fablico. Por ello, queda prohibido todo uso con fines il\u00edcitos o que perjudiquen o impidan, puedan da\u00f1ar y\/o sobrecargar de cualquier forma, la utilizaci\u00f3n y normal funcionamiento de la Plataforma o directa o indirectamente atenten contra el mismo o contra cualquier derecho de un tercero, reserv\u00e1ndose Inmotech el derecho a cancelar su membres\u00eda, eliminar su perfil y cualquier anuncio, contenido o informaci\u00f3n que haya publicado en la Plataforma y\/o prohibirle el uso de la Plataforma, en cualquier momento a su entera discreci\u00f3n, con o sin previo aviso, incluyendo, sin limitaci\u00f3n, si Inmotech tiene sospechas razonables de que el Usuario es menor de 18 a\u00f1os y\/o no cumple los requisitos solicitados para su registro.<\/p>\n<p style=\"text-align: justify;\"><strong><u>Tipos de Cuenta<\/u><\/strong><strong>.<\/strong><\/p>\n<p style=\"text-align: justify;\">Para acceder y utilizar la Plataforma MIGERI\u00c1TRICO.COM, Usted debe registrar una <strong>Cuenta Personal<\/strong> o de <strong>\u201cUsuario Personal\u201d<\/strong> proporcionando informaci\u00f3n exacta, actual y completa durante el proceso de registro y mantenerla actualizada en todo momento.<\/p>\n<p style=\"text-align: justify;\">Para realizar publicaciones a nombre propio, de terceros o en representaci\u00f3n de una persona jur\u00eddica, usted debe registrar una <strong>Cuenta de \u201cUsuario Prestador\u201d o Cuenta Prestador<\/strong>.<\/p>\n<p style=\"text-align: justify;\">Si Usted registra una cuenta para una empresa, organizaci\u00f3n, u otra persona jur\u00eddica, debe declarar y garantizar que cuenta con la facultad para vincular legalmente a dicha entidad y otorgarnos todos los permisos y licencias dispuestos en los presentes T\u00e9rminos.<\/p>\n<p style=\"text-align: justify;\"><strong><u>Verificaci\u00f3n de Identidad.<\/u><\/strong><\/p>\n<p style=\"text-align: justify;\">La verificaci\u00f3n de usuarios en Internet es dif\u00edcil, por lo cual la plataforma no asume ninguna responsabilidad por la confirmaci\u00f3n de identidad de ninguna Cuenta. Sin perjuicio de lo anterior, a efectos de transparencia y prevenci\u00f3n de fraudes, y en la medida permitida por la ley, Inmotech podr\u00e1, sin por ello estar obligado,<\/p>\n<p style=\"text-align: justify;\">(i) solicitar a los Usuarios que proporcionen una forma de identificaci\u00f3n gubernamental u otra informaci\u00f3n o que se sometan a comprobaciones adicionales dise\u00f1adas para ayudar a verificar la identidad o antecedentes de los Usuarios,<\/p>\n<p style=\"text-align: justify;\">(ii) filtrar a los Usuarios comparando con bases de datos de terceros y dem\u00e1s fuentes y solicitar informes a proveedores de servicios,<\/p>\n<p style=\"text-align: justify;\">y (iii) cuando el usuario se encuentre identificado, obtener informes de archivos p\u00fablicos o de condenas penales o registros de delincuentes sexuales o una versi\u00f3n equivalente de antecedentes o comprobaciones de delincuentes sexuales registrados en su jurisdicci\u00f3n local (si estuvieren disponibles).<\/p>\n<p style=\"text-align: justify;\">Inmotech podr\u00e1 supeditar el acceso y uso de la Plataforma, o de ciertas \u00e1reas o funciones de la misma, a determinadas condiciones o requisitos, como realizar un proceso de verificaci\u00f3n, cumplir cualidades concretas o criterios de elegibilidad.<\/p>\n<p style=\"text-align: justify;\"><strong><u>Publicaciones. Contenido. <\/u><\/strong><\/p>\n<p style=\"text-align: justify;\">El Usuario Prestador es el \u00fanico y exclusivo autorizado por Inmotech para crear, subir, publicar, enviar, recibir y almacenar contenido, como texto, fotos, audio, video y dem\u00e1s material e informaci\u00f3n a, o a trav\u00e9s de, la Plataforma ( el \u201c<strong>Contenido<\/strong>\u201d).<\/p>\n<p style=\"text-align: justify;\">Los Usuarios Personales solo podr\u00e1n acceder y visualizar el Contenido publicado por los Usuarios Prestadores y cualquier contenido que el propio Inmotech ponga a disposici\u00f3n en o a trav\u00e9s de la Plataforma.<\/p>\n<p style=\"text-align: justify;\">Al crear, subir, publicar, enviar, recibir, almacenar o poner de cualquier otro modo a disposici\u00f3n alg\u00fan Contenido Prestador en o a trav\u00e9s de la Plataforma, el Usuario concede a Inmotech una licencia no exclusiva, internacional, libre de regal\u00edas, irrevocable, perpetua (o vigente durante la protecci\u00f3n), sublicenciable y transferible sobre dicho Contenido Prestador para acceder, utilizar, almacenar, editar, copiar, modificar, preparar obras derivadas, distribuir, publicar, transmitir, emitir en continuo, difundir y explotar de cualquier otro modo y manera dicho Contenido Prestador para proporcionar y\/o promocionar la Plataforma en cualquier soporte o plataforma.<\/p>\n<p style=\"text-align: justify;\">En la medida en que el Contenido publicado por el Usuario Prestador (incluidas las Im\u00e1genes verificadas) incluya informaci\u00f3n o datos personales, dicho Contenido s\u00f3lo se utilizar\u00e1 respetando las disposiciones de la Ley de Datos Personales, de acuerdo a lo establecido en nuestra Pol\u00edtica de Privacidad, que puede consultarse en el siguiente enlace ____________.<\/p>\n<p style=\"text-align: justify;\"><strong><u>Im\u00e1genes Verificadas<\/u><\/strong><\/p>\n<p style=\"text-align: justify;\">Inmotech ofrece a los Usuarios Prestadores la opci\u00f3n de contar con fot\u00f3grafos profesionales para que saquen fotograf\u00edas que ilustren sus Servicios de Prestador, las cuales se pondr\u00e1n a disposici\u00f3n de los Prestadores para que las incluyan en sus Anuncios con o sin marca de agua o etiqueta con las palabras \u201cFoto verificada por MIGERIATRICO.COM\u201d o texto similar (\u201c<strong>Im\u00e1genes Verificadas<\/strong>\u201d). Usted es responsable de asegurarse de que su Servicio de Prestador est\u00e1 representado con exactitud en las Im\u00e1genes Verificadas y dejar\u00e1 usted de utilizar las mismas en o a trav\u00e9s de la Plataforma en caso de que ya no representen con exactitud su Publicaci\u00f3n.<\/p>\n<p style=\"text-align: justify;\">Las Im\u00e1genes Verificadas son de propiedad exclusiva de la plataforma. Aquellas im\u00e1genes que no sean de propiedad de la Plataforma, al utilizarlas en o a trav\u00e9s de la Plataforma, usted concede a Inmotech una licencia exclusiva, internacional, libre de regal\u00edas, irrevocable, perpetua (o vigente durante la protecci\u00f3n), sublicenciable y transferible para el uso de dichas Im\u00e1genes Verificadas en publicidad, marketing y\/o cualquier otro fin de empresa en todo tipo de soporte o plataforma, ya sea en relaci\u00f3n con su Anuncio o de otro modo, sin mayor notificaci\u00f3n o compensaci\u00f3n alguna.<\/p>\n<p style=\"text-align: justify;\">A su vez, la Plataforma le concede una licencia limitada, no exclusiva, no sublicenciable, revocable y no transferible para el uso de las Im\u00e1genes Verificadas fuera de la Plataforma, \u00fanicamente para su uso personal y no comercial.<\/p>\n<p style=\"text-align: justify;\"><strong><u>Responsabilidad del Usuario Prestador.<\/u><\/strong><\/p>\n<p style=\"text-align: justify;\">El Usuario Prestador que opere en la Plataforma ser\u00e1 el \u00fanico y exclusivo responsable por el contenido de las publicaciones y\/o im\u00e1genes que exhiba en sus anuncios, as\u00ed como de cumplir acabadamente con lo que ofrece a trav\u00e9s de dichas publicaciones y\/o im\u00e1genes a quien resulte usuario final de los servicios prestados por el establecimiento geri\u00e1trico privado que representa.<\/p>\n<p style=\"text-align: justify;\">Quien opere en nuestro sitio asume toda la responsabilidad por cualquier gasto o indemnizaci\u00f3n que Inmotech tuviera que asumir para poner fin a cualquier reclamo, sanci\u00f3n administrativa o sentencia judicial derivados de la operatoria del mismo, cualquiera fuera la causa que le diera origen y en particular \u2013 aunque no limitado a &#8211; todo lo relacionado con la habilitaci\u00f3n de los establecimientos, el cumplimiento de normas de salubridad y cualquier otra reglamentaci\u00f3n af\u00edn;\u00a0 publicaci\u00f3n sea abusiva, discriminatoria o induzca al consumidor a comportarse de forma perjudicial para su salud o seguridad.<\/p>\n<p style=\"text-align: justify;\"><strong><u>Responsabilidad de Inmotech. <\/u><\/strong><\/p>\n<p style=\"text-align: justify;\">Inmotech no responder\u00e1 por ninguna clase de da\u00f1os que puedan ser consecuencia del uso de la Plataforma, tampoco de los perjuicios o p\u00e9rdidas que sufran los usuarios por su uso del mismo y de sus contenidos, y\/o anuncios que estuvieran disponibles a trav\u00e9s de \u00e9l.<\/p>\n<p style=\"text-align: justify;\">La Plataforma y su contenido se suministran tal como est\u00e1n, sin garant\u00edas de ninguna clase. Inmotech no asume ning\u00fan tipo de garant\u00eda, tanto expl\u00edcita como impl\u00edcita sobre la exactitud, la veracidad, la exhaustividad o la actualizaci\u00f3n de los anuncios, contenidos, servicios, textos, im\u00e1genes\u00a0 gr\u00e1ficos y\/o v\u00ednculos. En ning\u00fan caso Inmotech ser\u00e1 responsable de cualquier da\u00f1o indirecto, lucro cesante, p\u00e9rdida de chance o da\u00f1os resultantes de la p\u00e9rdida de datos o interrupci\u00f3n del negocio, que resulten del uso o de la imposibilidad de uso de la Plataforma, de los contenidos, fallos en el acceso a las distintas p\u00e1ginas web de la Plataforma y falta de disponibilidad o continuidad de la Plataforma. No podemos garantizar y no prometemos ning\u00fan resultado espec\u00edfico del uso de la Plataforma.<\/p>\n<p style=\"text-align: justify;\">Inmotech no garantiza el acceso y uso continuado o ininterrumpido de la Plataforma. La Plataforma puede eventualmente no estar disponible debido a dificultades t\u00e9cnicas o fallas de Internet, comunicaci\u00f3n y\/o mensajes de textos, razones de mantenimiento, o por cualquier otra circunstancia ajena a Inmotech; sin que en cuyo caso pueda imput\u00e1rsele a Inmotech alg\u00fan tipo de responsabilidad.<\/p>\n<p style=\"text-align: justify;\">Inmotech no garantiza la exactitud de ning\u00fan contenido, comentario, evaluaci\u00f3n, anuncio y\/o imagen publicado en la Plataforma por los usuarios prestadores y\/o usuarios personales. Aunque proporciona reglas para la conducta y publicaciones de todos sus usuarios, no controla ni es responsable de los contenidos que los usuarios publican en la Plataforma, por lo que no ser\u00e1 responsable de ning\u00fan contenido ofensivo, inapropiado, obsceno, ilegal u objetable que pueda encontrar en la Plataforma.<\/p>\n<p style=\"text-align: justify;\">Asimismo, Inmotech no tiene poder o facultad de control alguno respecto a la solicitud y\/o prestaci\u00f3n efectiva de los servicios anunciados a trav\u00e9s de la Plataforma, por lo que de ninguna manera ser\u00e1 responsable frente a cualquier da\u00f1o que pudiera producirse como consecuencia de la solicitud o prestaci\u00f3n de los servicios anunciados, cualquiera fuera la causa que le diera origen y en particular \u2013 aunque no limitado a &#8211; delitos contra la propiedad o integridad f\u00edsica, faltas de pago, incumplimientos precontractuales, contractuales y\/o incumplimiento de los deberes y obligaciones establecidas por la Ley de Defensa del Consumidor, que puedan producirse en el marco de una eventual relaci\u00f3n comercial que pueda suscitarse entre usuarios de La Plataforma.<\/p>\n<p style=\"text-align: justify;\">Como consecuencia a lo establecido en el p\u00e1rrafo anterior, los Usuarios eximen expresamente de responsabilidad a Inmotech por los perjuicios que puedan ocasionar eventuales incumplimientos en la prestaci\u00f3n de los servicios. Y en particular, se comprometen a indemnizar, defender, salvaguardar los derechos de Inmotech, sus socios, directores, funcionarios, personal y agentes, ante cualquier reclamo judicial o extrajudicial, acci\u00f3n, demanda y, en fin, toda p\u00e9rdida, da\u00f1o, perjuicio, desembolso, erogaci\u00f3n o gasto relacionado con la solicitud, y\/o incumplimiento o prestaci\u00f3n deficiente, de los servicios anunciados a trav\u00e9s de la Plataforma.<\/p>\n<p style=\"text-align: justify;\"><strong><u>Tarifa y modalidad del Servicio<\/u><\/strong><u>.<\/u><\/p>\n<p style=\"text-align: justify;\">La Plataforma cobrar\u00e1 una tarifa mensual a los Usuarios Prestadores por cada publicaci\u00f3n que realicen en o a trav\u00e9s de la plataforma. La publicaci\u00f3n y el correspondiente pago de la tarifa deben renovarse al final de cada periodo mensual. El valor de la tarifa no guarda ninguna relaci\u00f3n de proporcionalidad, ni de ning\u00fan tipo, con el precio del servicio ofrecido por el Usuario Prestador. El cobro de la tarifa por la publicaci\u00f3n del Usuario Prestador se realiza directamente entre este y la Plataforma previo a la misma.<\/p>\n<p style=\"text-align: justify;\">Respecto a la relaci\u00f3n entre el Usuario Prestador y el Usuario Personal, la eventual operaci\u00f3n de compraventa que los usuarios puedan decidir celebrar NO se produce a trav\u00e9s de la Plataforma. Las condiciones y alcances de la eventual transacci\u00f3n son determinadas por los Usuarios sin intervenci\u00f3n alguna de Inmotech.\u00a0Es responsabilidad del Usuario Prestador administrar y actualizar la informaci\u00f3n respecto a la disponibilidad para la prestaci\u00f3n del servicio.<\/p>\n<p style=\"text-align: justify;\">Sin perjuicio de las disposiciones en materia de responsabilidad establecidas en los presentes T\u00e9rminos y Condiciones, la Plataforma no es responsable por verificar la veracidad o exactitud de la informaci\u00f3n contenida en las publicaciones, ni la existencia de los establecimientos anunciados, sus condiciones, situaci\u00f3n fiscal y registral, entre otros. Es responsabilidad del Usuario Personal que hizo contacto con el Prestador hacer todas las verificaciones y tomar todos los cuidados necesarios antes de avanzar con la operaci\u00f3n.<\/p>\n<p style=\"text-align: justify;\">Inmotech no interviene en el perfeccionamiento de la eventual operaci\u00f3n de contrataci\u00f3n que los Usuarios puedan decidir celebrar, la que ocurrir\u00e1 fuera del Sitio. La responsabilidad por la concreci\u00f3n de la eventual contrataci\u00f3n y prestaci\u00f3n del servicio es exclusivamente de los Usuarios. Tanto la publicaci\u00f3n como los contactos que de ella deriven no implican bajo ning\u00fan concepto obligaci\u00f3n alguna a cargo de los usuarios de concretar la eventual contrataci\u00f3n del servicio. Inmotech no ser\u00e1 responsable en caso que cualquiera de los Usuarios decida no avanzar con la operaci\u00f3n.<\/p>\n<p style=\"text-align: justify;\">El Usuario Prestador se compromete a cumplir con las condiciones tal como se hayan informado en la publicaci\u00f3n, incluyendo precio, caracter\u00edsticas del establecimiento y alcances del servicio. Asimismo, el Usuario anunciante garantiza que tiene cupos disponibles en el establecimiento publicado para ser ocupado en forma inmediata. Caso contrario, se compromete a informar a los Usuarios en forma destacada en la publicaci\u00f3n sobre la imposibilidad de cumplir con la prestaci\u00f3n de forma inmediata.<\/p>\n[\/vc_column_text][mk_padding_divider][\/vc_column][\/vc_row][\/vc_section]\n<\/div>","protected":false},"excerpt":{"rendered":"<p>[vc_section][vc_row][vc_column][mk_padding_divider][vc_column_text css=\u00bb.vc_custom_1575299005518{margin-bottom: 0px !important;}\u00bb] T\u00c9RMINOS Y CONDICIONES DE USO DE MIGERIATRICO.COM [\/vc_column_text][mk_padding_divider size=\u00bb20&#8243;][vc_column_text css=\u00bb.vc_custom_1575298951709{margin-bottom: 0px !important;}\u00bb] Los presentes T\u00e9rminos y Condiciones de Uso (\u00abT\u00e9rminos\u00ab) constituyen un contrato legalmente vinculante (\u00abContrato\u00ab) entre usted (\u201cUsuario\u201d) e INMOTECH SAS (\u201cInmotech\u201d) que rige su acceso y utilizaci\u00f3n de la plataforma MIGERI\u00c1TRICO.COM, as\u00ed como de cualquier otro sitio web a [&hellip;]<\/p>\n","protected":false},"author":1,"featured_media":0,"parent":0,"menu_order":0,"comment_status":"closed","ping_status":"closed","template":"","meta":{"footnotes":""},"class_list":["post-154","page","type-page","status-publish","hentry"],"_links":{"self":[{"href":"https:\/\/migeriatrico.com\/index.php?rest_route=\/wp\/v2\/pages\/154","targetHints":{"allow":["GET"]}}],"collection":[{"href":"https:\/\/migeriatrico.com\/index.php?rest_route=\/wp\/v2\/pages"}],"about":[{"href":"https:\/\/migeriatrico.com\/index.php?rest_route=\/wp\/v2\/types\/page"}],"author":[{"embeddable":true,"href":"https:\/\/migeriatrico.com\/index.php?rest_route=\/wp\/v2\/users\/1"}],"replies":[{"embeddable":true,"href":"https:\/\/migeriatrico.com\/index.php?rest_route=%2Fwp%2Fv2%2Fcomments&post=154"}],"version-history":[{"count":9,"href":"https:\/\/migeriatrico.com\/index.php?rest_route=\/wp\/v2\/pages\/154\/revisions"}],"predecessor-version":[{"id":416,"href":"https:\/\/migeriatrico.com\/index.php?rest_route=\/wp\/v2\/pages\/154\/revisions\/416"}],"wp:attachment":[{"href":"https:\/\/migeriatrico.com\/index.php?rest_route=%2Fwp%2Fv2%2Fmedia&parent=154"}],"curies":[{"name":"wp","href":"https:\/\/api.w.org\/{rel}","templated":true}]}}